{"id":150,"date":"2017-07-17T00:33:43","date_gmt":"2017-07-17T00:33:43","guid":{"rendered":"http:\/\/www.3sbrasil.com.br\/?page_id=150"},"modified":"2024-01-10T00:11:23","modified_gmt":"2024-01-10T00:11:23","slug":"treinamento","status":"publish","type":"page","link":"http:\/\/www.3sbrasil.com.br\/?page_id=150","title":{"rendered":"Training Your Way | Certara"},"content":{"rendered":"<p><a href=\"http:\/\/www.3sbrasil.com.br\/wp-content\/uploads\/2017\/07\/image026.jpg\"><img loading=\"lazy\" decoding=\"async\" class=\"aligncenter size-full wp-image-185\" src=\"http:\/\/www.3sbrasil.com.br\/wp-content\/uploads\/2017\/07\/image026.jpg\" alt=\"\" width=\"727\" height=\"423\" srcset=\"http:\/\/www.3sbrasil.com.br\/wp-content\/uploads\/2017\/07\/image026.jpg 727w, http:\/\/www.3sbrasil.com.br\/wp-content\/uploads\/2017\/07\/image026-300x175.jpg 300w\" sizes=\"auto, (max-width: 727px) 100vw, 727px\" \/><\/a><\/p>\n<p>Ao longo destes 24 anos temos conhecido a fundo as necessidades de nossos clientes de toda a Am\u00e9rica do Sul, atendendo a cada um fornecendo as solu\u00e7\u00f5es mais inovadoras e completas.<\/p>\n<p>Conhe\u00e7a nossos treinamentos: <a href=\"https:\/\/www.certara.com\/training\/certara-university\/training-your-way\/\" target=\"_blank\" rel=\"noopener noreferrer\">https:\/\/www.certara.com\/certara-university\/training\/training-your-way<\/a><\/p>\n","protected":false},"excerpt":{"rendered":"<p>Ao longo destes 24 anos temos conhecido a fundo as necessidades de nossos clientes de toda a Am\u00e9rica do Sul, atendendo a cada um fornecendo as solu\u00e7\u00f5es mais inovadoras e completas. Conhe\u00e7a nossos treinamentos: https:\/\/www.certara.com\/certara-university\/training\/training-your-way<\/p>\n","protected":false},"author":2,"featured_media":0,"parent":0,"menu_order":0,"comment_status":"closed","ping_status":"closed","template":"","meta":{"footnotes":""},"class_list":["post-150","page","type-page","status-publish","hentry"],"_links":{"self":[{"href":"http:\/\/www.3sbrasil.com.br\/index.php?rest_route=\/wp\/v2\/pages\/150","targetHints":{"allow":["GET"]}}],"collection":[{"href":"http:\/\/www.3sbrasil.com.br\/index.php?rest_route=\/wp\/v2\/pages"}],"about":[{"href":"http:\/\/www.3sbrasil.com.br\/index.php?rest_route=\/wp\/v2\/types\/page"}],"author":[{"embeddable":true,"href":"http:\/\/www.3sbrasil.com.br\/index.php?rest_route=\/wp\/v2\/users\/2"}],"replies":[{"embeddable":true,"href":"http:\/\/www.3sbrasil.com.br\/index.php?rest_route=%2Fwp%2Fv2%2Fcomments&post=150"}],"version-history":[{"count":12,"href":"http:\/\/www.3sbrasil.com.br\/index.php?rest_route=\/wp\/v2\/pages\/150\/revisions"}],"predecessor-version":[{"id":190,"href":"http:\/\/www.3sbrasil.com.br\/index.php?rest_route=\/wp\/v2\/pages\/150\/revisions\/190"}],"wp:attachment":[{"href":"http:\/\/www.3sbrasil.com.br\/index.php?rest_route=%2Fwp%2Fv2%2Fmedia&parent=150"}],"curies":[{"name":"wp","href":"https:\/\/api.w.org\/{rel}","templated":true}]}}