{"id":20,"date":"2014-07-06T14:14:50","date_gmt":"2014-07-06T14:14:50","guid":{"rendered":"http:\/\/3sbrasil.com.br\/?page_id=20"},"modified":"2024-01-10T00:34:56","modified_gmt":"2024-01-10T00:34:56","slug":"nossos-clientes","status":"publish","type":"page","link":"http:\/\/www.3sbrasil.com.br\/?page_id=20","title":{"rendered":"Nossos clientes"},"content":{"rendered":"<p class=\"p1\"><!-- meta slider -->\n<div style=\"max-width: 1022px; margin: 0 auto;\" class=\"metaslider metaslider-flex metaslider-112 ml-slider\">\n    \n    <div id=\"metaslider_container_112\">\n        <div id=\"metaslider_112\">\n            <ul class=\"slides\">\n                <li style=\"display: block; width: 100%;\" class=\"slide-129 ms-image\"><img loading=\"lazy\" decoding=\"async\" src=\"http:\/\/www.3sbrasil.com.br\/wp-content\/uploads\/2015\/05\/slide_clientes_2.jpg\" height=\"344\" width=\"1022\" alt=\"Principais clientes da 3S BRASIL\" class=\"slider-112 slide-129\" title=\"Principais Clientes da 3S BRASIL\" \/><\/li>\n                <li style=\"display: none; width: 100%;\" class=\"slide-160 ms-image\"><img loading=\"lazy\" decoding=\"async\" src=\"http:\/\/www.3sbrasil.com.br\/wp-content\/uploads\/2017\/07\/slide_02_clientes_3sbrasil_07.2017.jpg\" height=\"344\" width=\"1022\" alt=\"Principais Clientes da 3S BRASIL\" class=\"slider-112 slide-160\" title=\"Principais Clientes da 3S BRASIL\" \/><\/li>\n                <li style=\"display: none; width: 100%;\" class=\"slide-161 ms-image\"><img loading=\"lazy\" decoding=\"async\" src=\"http:\/\/www.3sbrasil.com.br\/wp-content\/uploads\/2017\/07\/slide_01_clientes_3sbrasil_07.2017.jpg\" height=\"344\" width=\"1022\" alt=\"Principais Clientes da 3S BRASIL\" class=\"slider-112 slide-161\" title=\"Principais Clientes da 3S BRASIL\" \/><\/li>\n            <\/ul>\n        <\/div>\n        \n    <\/div>\n    <script type=\"text\/javascript\">\n        var metaslider_112 = function($) {\n            $('#metaslider_112').addClass('flexslider'); \/\/ theme\/plugin conflict avoidance\n            $('#metaslider_112').flexslider({ \n                slideshowSpeed:5400,\n                animation:\"fade\",\n                controlNav:true,\n                directionNav:true,\n                pauseOnHover:true,\n                direction:\"horizontal\",\n                reverse:false,\n                animationSpeed:500,\n                prevText:\"&lt;\",\n                nextText:\"&gt;\",\n                slideshow:true\n            });\n        };\n        var timer_metaslider_112 = function() {\n            var slider = !window.jQuery ? window.setTimeout(timer_metaslider_112, 100) : !jQuery.isReady ? window.setTimeout(timer_metaslider_112, 1) : metaslider_112(window.jQuery);\n        };\n        timer_metaslider_112();\n    <\/script>\n<\/div>\n<!--\/\/ meta slider-->\n<p class=\"p1\"><div class=\"su-spacer\" style=\"height:20px\"><\/div>\n<p class=\"p1\">Ao longo destes 24 anos temos conhecido a fundo as necessidades de nossos clientes de toda a Am\u00e9rica do Sul, atendendo a cada um fornecendo as solu\u00e7\u00f5es mais inovadoras e completas.<\/p>\n<p class=\"p1\">\n","protected":false},"excerpt":{"rendered":"<p>Ao longo destes 24 anos temos conhecido a fundo as necessidades de nossos clientes de toda a Am\u00e9rica do Sul, atendendo a cada um fornecendo as solu\u00e7\u00f5es mais inovadoras e completas.<\/p>\n","protected":false},"author":1,"featured_media":0,"parent":0,"menu_order":0,"comment_status":"closed","ping_status":"closed","template":"","meta":{"footnotes":""},"class_list":["post-20","page","type-page","status-publish","hentry"],"_links":{"self":[{"href":"http:\/\/www.3sbrasil.com.br\/index.php?rest_route=\/wp\/v2\/pages\/20","targetHints":{"allow":["GET"]}}],"collection":[{"href":"http:\/\/www.3sbrasil.com.br\/index.php?rest_route=\/wp\/v2\/pages"}],"about":[{"href":"http:\/\/www.3sbrasil.com.br\/index.php?rest_route=\/wp\/v2\/types\/page"}],"author":[{"embeddable":true,"href":"http:\/\/www.3sbrasil.com.br\/index.php?rest_route=\/wp\/v2\/users\/1"}],"replies":[{"embeddable":true,"href":"http:\/\/www.3sbrasil.com.br\/index.php?rest_route=%2Fwp%2Fv2%2Fcomments&post=20"}],"version-history":[{"count":22,"href":"http:\/\/www.3sbrasil.com.br\/index.php?rest_route=\/wp\/v2\/pages\/20\/revisions"}],"predecessor-version":[{"id":195,"href":"http:\/\/www.3sbrasil.com.br\/index.php?rest_route=\/wp\/v2\/pages\/20\/revisions\/195"}],"wp:attachment":[{"href":"http:\/\/www.3sbrasil.com.br\/index.php?rest_route=%2Fwp%2Fv2%2Fmedia&parent=20"}],"curies":[{"name":"wp","href":"https:\/\/api.w.org\/{rel}","templated":true}]}}